{"id":95,"date":"2011-02-03T14:25:53","date_gmt":"2011-02-03T13:25:53","guid":{"rendered":"https:\/\/noconventions.mobi\/x!"},"modified":"2011-02-03T22:14:45","modified_gmt":"2011-02-03T21:14:45","slug":"podc4sts","status":"publish","type":"page","link":"https:\/\/noconventions.mobi\/x!\/podc4sts","title":{"rendered":"P\u00c3\u02dcDc4sts"},"content":{"rendered":"<p><a href=\"https:\/\/noconventions.mobi\/x!\/arrel\/these.downloads.are.not.available.in.your.country.cc.by.sa.dAAX!\" target=\"_blank\"><img loading=\"lazy\" decoding=\"async\" class=\"alignnone size-full wp-image-97\" title=\"tdanaiyc\" src=\"https:\/\/noconventions.mobi\/x!\/wp-content\/arrel\/2011\/02\/tdanaiyc.png\" alt=\"\" width=\"422\" height=\"102\" srcset=\"https:\/\/noconventions.mobi\/x!\/wp-content\/arrel\/2011\/02\/tdanaiyc.png 422w, https:\/\/noconventions.mobi\/x!\/wp-content\/arrel\/2011\/02\/tdanaiyc-300x72.png 300w\" sizes=\"auto, (max-width: 422px) 100vw, 422px\" \/><\/a><\/p>\n<p>In collaboration with <a href=\"http:\/\/metaminafnr.hotglue.me\/\">mEtaminaFNR<\/a> a dAAX! compilation from several releases are packaged in this repository to be part of mEtaminaFNR&#8217;s playlist.<br \/>\nmetaminaFNR is 24h audio stream running in a server. choosing by random diferents audio-urls and play them.soundart,noise,algorithmic and generative and more &gt;&gt;  <a href=\"https:\/\/twitter.com\/#!\/mEtaminaFNR\">@mEtaminaFNR<\/a><\/p>\n<p><a title=\"tdanayc\" href=\"..\/..\/x%21\/wp-content\/plugins\/cimy-counter\/cc_redirect.php?cc=tdanayc&amp;fn=https:\/\/noconventions.mobi\/x!\/arrel\/these.downloads.are.not.available.in.your.country.cc.by.sa.dAAX!\/(((download!__oggzip_of_these_tracks_and_free_ur_mind_x!.zip\" target=\"_blank\">download <strong><big>ogg<\/big><\/strong> pakk<\/a><\/p>\n<p><a title=\"tdanayc\" href=\"..\/..\/x%21\/wp-content\/plugins\/cimy-counter\/cc_redirect.php?cc=tdanayc&amp;fn=https:\/\/noconventions.mobi\/x!\/arrel\/these.downloads.are.not.available.in.your.country.cc.by.sa.dAAX!\/(((download!__mp3zip_of_these_tracks_and_free_ur_mind_x!.zip\" target=\"_blank\">download <strong><big>mp3<\/big><\/strong> pakk<\/a><br \/>\n&#8230;:..:..:::&#8230;[cc_counter#tdanayc] desc\u00c3\u00a0rregues \/ downloads..:&#8230;:&#8230;..<\/p>\n<p>:::. .. . . .:.\u00c2\u00a0 . :.\u00c2\u00a0\u00c2\u00a0 : . . . . : .\u00c2\u00a0 .\u00c2\u00a0 .. . . .<\/p>\n<p>::::: :: ..::: :: .::::: : :: ::::: &#8230;:::<\/p>\n<p>::::::::\u00c2\u00a0\u00c2\u00a0\u00c2\u00a0\u00c2\u00a0\u00c2\u00a0\u00c2\u00a0 :::::::::\u00c2\u00a0\u00c2\u00a0\u00c2\u00a0 :::: . :.. ::: :<\/p>\n<p>contents of the folder &gt;<\/p>\n<p>:::::::::::::::::::::::::::::::::::::<\/p>\n<p>((-_-))_200.png\u00c2\u00a0\u00c2\u00a0\u00c2\u00a0\u00c2\u00a0\u00c2\u00a0\u00c2\u00a0\u00c2\u00a0\u00c2\u00a0 03-Feb-2011 04:34\u00c2\u00a0\u00c2\u00a0 18K\u00c2\u00a0 from [[-_-]]\u00c2\u00a0\u00c2\u00a0\u00c2\u00a0 https:\/\/noconventions.mobi\/x!\/rilises\/o_o<br \/>\n03 !- -!.ogg\u00c2\u00a0\u00c2\u00a0\u00c2\u00a0\u00c2\u00a0\u00c2\u00a0\u00c2\u00a0\u00c2\u00a0\u00c2\u00a0\u00c2\u00a0\u00c2\u00a0\u00c2\u00a0 03-Feb-2011 04:40\u00c2\u00a0 6.2M\u00c2\u00a0 from [[-_-]]\u00c2\u00a0\u00c2\u00a0\u00c2\u00a0 https:\/\/noconventions.mobi\/x!\/rilises\/o_o<br \/>\n03__dAAX!__luOS.ogg\u00c2\u00a0\u00c2\u00a0\u00c2\u00a0\u00c2\u00a0 03-Feb-2011 04:36\u00c2\u00a0 2.3M\u00c2\u00a0 from garage 404 \u00c2\u00a0\u00c2\u00a0 \u00c2\u00a0\u00c2\u00a0\u00c2\u00a0 \u00c2\u00a0notfoundyet &gt; soon release https:\/\/noconventions.mobi\/x!<br \/>\n04__:- -:.ogg\u00c2\u00a0\u00c2\u00a0\u00c2\u00a0\u00c2\u00a0\u00c2\u00a0\u00c2\u00a0\u00c2\u00a0\u00c2\u00a0\u00c2\u00a0\u00c2\u00a0 03-Feb-2011 04:42\u00c2\u00a0 7.4M\u00c2\u00a0 from [[-_-]]\u00c2\u00a0\u00c2\u00a0\u00c2\u00a0 https:\/\/noconventions.mobi\/x!\/rilises\/o_o<br \/>\n05__dAAX!__((truita404))03-Feb-2011 04:37\u00c2\u00a0 2.6M\u00c2\u00a0 from garage 404 \u00c2\u00a0\u00c2\u00a0 \u00c2\u00a0\u00c2\u00a0\u00c2\u00a0 \u00c2\u00a0notfoundyet &gt; soon release at https:\/\/noconventions.mobi\/x!<br \/>\n05_oscillariffz.ogg\u00c2\u00a0\u00c2\u00a0\u00c2\u00a0\u00c2\u00a0 03-Feb-2011 04:34\u00c2\u00a0 699K\u00c2\u00a0 from 8k!\u00c2\u00a0\u00c2\u00a0\u00c2\u00a0\u00c2\u00a0\u00c2\u00a0\u00c2\u00a0\u00c2\u00a0 https:\/\/noconventions.mobi\/x!\/8k<br \/>\n13__dAAX!__wu404uw.ogg\u00c2\u00a0 03-Feb-2011 04:35\u00c2\u00a0 1.9M\u00c2\u00a0 from garage 404 \u00c2\u00a0\u00c2\u00a0 \u00c2\u00a0\u00c2\u00a0\u00c2\u00a0 \u00c2\u00a0notfoundyet &gt; soon release at https:\/\/noconventions.mobi\/x!<br \/>\n2616__aaa.ogg\u00c2\u00a0\u00c2\u00a0\u00c2\u00a0\u00c2\u00a0\u00c2\u00a0\u00c2\u00a0\u00c2\u00a0\u00c2\u00a0\u00c2\u00a0\u00c2\u00a0 03-Feb-2011 04:51\u00c2\u00a0\u00c2\u00a0 31M\u00c2\u00a0 from 2616\u00c2\u00a0\u00c2\u00a0\u00c2\u00a0\u00c2\u00a0\u00c2\u00a0\u00c2\u00a0 https:\/\/noconventions.mobi\/x!\/rilises\/2-6-1-6<br \/>\n2616__bbb.ogg\u00c2\u00a0\u00c2\u00a0\u00c2\u00a0\u00c2\u00a0\u00c2\u00a0\u00c2\u00a0\u00c2\u00a0\u00c2\u00a0\u00c2\u00a0\u00c2\u00a0 03-Feb-2011 05:00\u00c2\u00a0\u00c2\u00a0 38M\u00c2\u00a0 from 2616\u00c2\u00a0\u00c2\u00a0\u00c2\u00a0\u00c2\u00a0\u00c2\u00a0\u00c2\u00a0 https:\/\/noconventions.mobi\/x!\/rilises\/2-6-1-6<br \/>\n2616web200.png\u00c2\u00a0\u00c2\u00a0\u00c2\u00a0\u00c2\u00a0\u00c2\u00a0\u00c2\u00a0\u00c2\u00a0\u00c2\u00a0\u00c2\u00a0 03-Feb-2011 04:34\u00c2\u00a0\u00c2\u00a0 26K\u00c2\u00a0 from 2616\u00c2\u00a0\u00c2\u00a0\u00c2\u00a0\u00c2\u00a0\u00c2\u00a0\u00c2\u00a0 https:\/\/noconventions.mobi\/x!\/rilises\/2-6-1-6<br \/>\n34_dekkogumnx.ogg(*)\u00c2\u00a0\u00c2\u00a0\u00c2\u00a0 03-Feb-2011 04:35\u00c2\u00a0 1.8M\u00c2\u00a0 from 8k!\u00c2\u00a0\u00c2\u00a0\u00c2\u00a0\u00c2\u00a0\u00c2\u00a0\u00c2\u00a0\u00c2\u00a0 https:\/\/noconventions.mobi\/x!\/8k<br \/>\n8b\u00c3\u0192\u00cb\u0153tsv5.ogg\u00c2\u00a0\u00c2\u00a0\u00c2\u00a0\u00c2\u00a0\u00c2\u00a0\u00c2\u00a0\u00c2\u00a0\u00c2\u00a0\u00c2\u00a0\u00c2\u00a0\u00c2\u00a0 03-Feb-2011 04:38\u00c2\u00a0 3.0M\u00c2\u00a0 from \u00c3\u02dc\u00c2\u00a0\u00c2\u00a0\u00c2\u00a0\u00c2\u00a0\u00c2\u00a0\u00c2\u00a0\u00c2\u00a0\u00c2\u00a0 \u00c2\u00a0\u00c2\u00a0\u00c2\u00a0 \u00c2\u00a0\u00c2\u00a0\u00c2\u00a0 \u00c2\u00a0notfoundyet &gt; soon release at https:\/\/noconventions.mobi\/x!<br \/>\nm4vg_333px.png\u00c2\u00a0\u00c2\u00a0\u00c2\u00a0\u00c2\u00a0\u00c2\u00a0\u00c2\u00a0\u00c2\u00a0\u00c2\u00a0\u00c2\u00a0 03-Feb-2011 04:34\u00c2\u00a0\u00c2\u00a0 55K\u00c2\u00a0 from 8k!\u00c2\u00a0\u00c2\u00a0\u00c2\u00a0\u00c2\u00a0\u00c2\u00a0\u00c2\u00a0\u00c2\u00a0 &lt;a href=&#8221;https:\/\/noconventions.mobi\/x!\/8k&#8221;&gt;&lt;\/a&gt;<br \/>\nnotfound8_323.png\u00c2\u00a0\u00c2\u00a0\u00c2\u00a0\u00c2\u00a0\u00c2\u00a0\u00c2\u00a0 03-Feb-2011 04:34\u00c2\u00a0\u00c2\u00a0 44K\u00c2\u00a0 from \u00c3\u02dc\u00c2\u00a0\u00c2\u00a0\u00c2\u00a0\u00c2\u00a0\u00c2\u00a0\u00c2\u00a0\u00c2\u00a0\u00c2\u00a0 \u00c2\u00a0\u00c2\u00a0\u00c2\u00a0 \u00c2\u00a0\u00c2\u00a0\u00c2\u00a0 \u00c2\u00a0notfoundyet &gt; soon release at http:\/\/2358errors.wordpress.com<br \/>\nn\u00c3\u0192\u00cb\u0153m\u00c3\u0192\u00cb\u0153d\u00c3\u0192\u00cb\u0153.ogg\u00c2\u00a0\u00c2\u00a0\u00c2\u00a0\u00c2\u00a0\u00c2\u00a0\u00c2\u00a0\u00c2\u00a0\u00c2\u00a0\u00c2\u00a0\u00c2\u00a0 03-Feb-2011 04:36\u00c2\u00a0 2.5M\u00c2\u00a0 from \u00c3\u02dc\u00c2\u00a0\u00c2\u00a0\u00c2\u00a0\u00c2\u00a0\u00c2\u00a0\u00c2\u00a0\u00c2\u00a0\u00c2\u00a0 \u00c2\u00a0\u00c2\u00a0\u00c2\u00a0 \u00c2\u00a0\u00c2\u00a0\u00c2\u00a0 \u00c2\u00a0notfoundyet &gt; soon release at http:\/\/2358errors.wordpress.com<br \/>\nx!__g404__333\u00c3\u0192\u00cb\u0153.png\u00c2\u00a0\u00c2\u00a0\u00c2\u00a0\u00c2\u00a0 03-Feb-2011 04:34\u00c2\u00a0 268K\u00c2\u00a0 from garage 404 \u00c2\u00a0\u00c2\u00a0 \u00c2\u00a0\u00c2\u00a0\u00c2\u00a0 \u00c2\u00a0notfoundyet &gt; soon release at https:\/\/noconventions.mobi\/x!<br \/>\n\u00c3\u0192\u00cb\u0153\u00c3\u0192\u00cb\u0153&#8212;&#8212;.ogg\u00c2\u00a0\u00c2\u00a0\u00c2\u00a0\u00c2\u00a0\u00c2\u00a0\u00c2\u00a0\u00c2\u00a0\u00c2\u00a0\u00c2\u00a0 03-Feb-2011 04:44\u00c2\u00a0\u00c2\u00a0 10M\u00c2\u00a0 from \u00c3\u02dc\u00c2\u00a0\u00c2\u00a0\u00c2\u00a0\u00c2\u00a0\u00c2\u00a0\u00c2\u00a0\u00c2\u00a0\u00c2\u00a0 \u00c2\u00a0\u00c2\u00a0\u00c2\u00a0 \u00c2\u00a0\u00c2\u00a0\u00c2\u00a0 \u00c2\u00a0notfoundyet &gt; soon release at http:\/\/2358errors.wordpress.com<br \/>\n\u00c3\u0192\u00cb\u0153\u00c3\u0192\u00c2\u00a6\u00c3\u0192\u00cb\u0153.ogg\u00c2\u00a0\u00c2\u00a0\u00c2\u00a0\u00c2\u00a0\u00c2\u00a0\u00c2\u00a0\u00c2\u00a0\u00c2\u00a0\u00c2\u00a0\u00c2\u00a0\u00c2\u00a0\u00c2\u00a0\u00c2\u00a0 03-Feb-2011 04:39\u00c2\u00a0 6.0M\u00c2\u00a0 from \u00c3\u02dc\u00c2\u00a0\u00c2\u00a0\u00c2\u00a0\u00c2\u00a0\u00c2\u00a0\u00c2\u00a0\u00c2\u00a0\u00c2\u00a0 \u00c2\u00a0\u00c2\u00a0\u00c2\u00a0 \u00c2\u00a0\u00c2\u00a0\u00c2\u00a0 \u00c2\u00a0notfoundyet &gt; soon release at http:\/\/2358errors.wordpress.com<\/p>\n<p><a href=\"..\/..\/x%21\/arrel\/these.downloads.are.not.available.in.your.country.cc.by.sa.dAAX%21\/\">These.downloads.are.not.available.in.your.country<\/a><\/p>\n<p><a href=\"..\/..\/x%21\/arrel\/these.downloads.are.not.available.in.your.country.cc.by.sa.dAAX%21\" target=\"_blank\"><img loading=\"lazy\" decoding=\"async\" title=\"tdanaiyc\" src=\"..\/..\/x%21\/wp-content\/arrel\/2011\/02\/tdanaiyc.png\" alt=\"\" width=\"422\" height=\"102\" \/><\/a><\/p>\n","protected":false},"excerpt":{"rendered":"<p>In collaboration with mEtaminaFNR a dAAX! compilation from several releases are packaged in this repository to be part of mEtaminaFNR&#8217;s playlist. metaminaFNR is 24h audio stream running in a server. choosing by random diferents audio-urls and play them.soundart,noise,algorithmic and generative and more &gt;&gt; @mEtaminaFNR download ogg pakk download mp3 pakk &#8230;:..:..:::&#8230;[cc_counter#tdanayc] desc\u00c3\u00a0rregues \/ downloads..:&#8230;:&#8230;.. :::. [&#038;hellip<\/p>\n","protected":false},"author":1,"featured_media":0,"parent":0,"menu_order":0,"comment_status":"open","ping_status":"open","template":"page-noinfo.php","meta":{"footnotes":""},"class_list":["post-95","page","type-page","status-publish","hentry"],"_links":{"self":[{"href":"https:\/\/noconventions.mobi\/x!\/wp-json\/wp\/v2\/pages\/95","targetHints":{"allow":["GET"]}}],"collection":[{"href":"https:\/\/noconventions.mobi\/x!\/wp-json\/wp\/v2\/pages"}],"about":[{"href":"https:\/\/noconventions.mobi\/x!\/wp-json\/wp\/v2\/types\/page"}],"author":[{"embeddable":true,"href":"https:\/\/noconventions.mobi\/x!\/wp-json\/wp\/v2\/users\/1"}],"replies":[{"embeddable":true,"href":"https:\/\/noconventions.mobi\/x!\/wp-json\/wp\/v2\/comments?post=95"}],"version-history":[{"count":0,"href":"https:\/\/noconventions.mobi\/x!\/wp-json\/wp\/v2\/pages\/95\/revisions"}],"wp:attachment":[{"href":"https:\/\/noconventions.mobi\/x!\/wp-json\/wp\/v2\/media?parent=95"}],"curies":[{"name":"wp","href":"https:\/\/api.w.org\/{rel}","templated":true}]}}